{"id":15,"date":"2024-05-13T21:30:34","date_gmt":"2024-05-13T19:30:34","guid":{"rendered":"https:\/\/w4manufaktur.at\/?page_id=15"},"modified":"2024-05-13T22:37:23","modified_gmt":"2024-05-13T20:37:23","slug":"startseite","status":"publish","type":"page","link":"https:\/\/w4manufaktur.at\/","title":{"rendered":"Startseite"},"content":{"rendered":"\n<div class=\"wp-block-cover alignfull\" style=\"min-height:720px\"><span aria-hidden=\"true\" class=\"wp-block-cover__background has-ast-global-color-3-background-color has-background-dim\"><\/span><img decoding=\"async\" loading=\"lazy\" width=\"1280\" height=\"720\" class=\"wp-block-cover__image-background wp-image-35\" alt=\"\" src=\"http:\/\/w4manufaktur.at\/wp-content\/uploads\/2024\/05\/Titel.png\" data-object-fit=\"cover\" srcset=\"https:\/\/w4manufaktur.at\/wp-content\/uploads\/2024\/05\/Titel.png 1280w, https:\/\/w4manufaktur.at\/wp-content\/uploads\/2024\/05\/Titel-300x169.png 300w, https:\/\/w4manufaktur.at\/wp-content\/uploads\/2024\/05\/Titel-1024x576.png 1024w, https:\/\/w4manufaktur.at\/wp-content\/uploads\/2024\/05\/Titel-768x432.png 768w\" sizes=\"(max-width: 1280px) 100vw, 1280px\" \/><div class=\"wp-block-cover__inner-container\">\n<div class=\"inherit-container-width is-layout-constrained wp-block-group alignwide\">\n<div class=\"wp-block-media-text alignwide has-media-on-the-right is-stacked-on-mobile is-vertically-aligned-center\" style=\"grid-template-columns:auto 43%\"><div class=\"wp-block-media-text__content\">\n<h1 class=\"has-text-align-left has-white-color has-text-color\">Metall   x   Holz<\/h1>\n\n\n\n<p>Trifft Metall auf Holz passiert noch nicht viel.<br>Mit Pr\u00e4zession und Kreativit\u00e4t entsteht mehr:<br>Wohnkunst &amp; funktionelle Arbeitsmittel<\/p>\n<\/div><figure class=\"wp-block-media-text__media\"><img decoding=\"async\" loading=\"lazy\" width=\"600\" height=\"400\" src=\"http:\/\/w4manufaktur.at\/wp-content\/uploads\/2024\/05\/Dein-Abschnittstext.png\" alt=\"\" class=\"wp-image-37 size-full\" srcset=\"https:\/\/w4manufaktur.at\/wp-content\/uploads\/2024\/05\/Dein-Abschnittstext.png 600w, https:\/\/w4manufaktur.at\/wp-content\/uploads\/2024\/05\/Dein-Abschnittstext-300x200.png 300w\" sizes=\"(max-width: 600px) 100vw, 600px\" \/><\/figure><\/div>\n<\/div>\n<\/div><\/div>\n\n\n\n<div class=\"is-layout-constrained wp-container-7 wp-block-group alignfull has-ast-global-color-4-background-color has-background\" id=\"about\" style=\"padding-top:143px;padding-bottom:144px\">\n<div class=\"is-layout-flex wp-container-6 wp-block-columns\">\n<div class=\"is-layout-flow wp-block-column\">\n<div class=\"inherit-container-width is-layout-constrained wp-block-group\" style=\"padding-right:80px\">\n<h2>Aus Liebe zum Handwerk.<\/h2>\n\n\n\n<p>Das Konstruieren von Unikaten ist eine unglaublich bereichernde Erfahrung, die es erm\u00f6glicht, Kreativit\u00e4t und handwerkliches K\u00f6nnen voll auszuleben.<\/p>\n<\/div>\n\n\n\n<div class=\"wp-block-uagb-separator uagb-block-a5fbfd0c\"><div class=\"wp-block-uagb-separator__inner\" style=\"--my-background-image:\"><\/div><\/div>\n\n\n\n<div class=\"inherit-container-width is-layout-constrained wp-block-group\" style=\"padding-right:80px\">\n<p>Die Arbeit mit Metall und Holz bietet eine faszinierende Kombination aus Pr\u00e4zision und Kunstfertigkeit. Das Schwei\u00dfen von Metall erfordert nicht nur technisches Wissen und Geschick, sondern auch ein Auge f\u00fcr Details und Design, um stabile und \u00e4sthetisch ansprechende Strukturen zu schaffen. Ebenso fordert die Bearbeitung von Holz Geduld und Sorgfalt, w\u00e4hrend man die nat\u00fcrliche Sch\u00f6nheit des Materials hervorhebt. Diese Projekte verbinden Technik und Handwerkskunst zu einzigartigen Meisterwerken.<\/p>\n<\/div>\n<\/div>\n\n\n\n<div class=\"is-layout-flow wp-block-column\">\n<figure class=\"wp-block-image size-full is-resized\"><img decoding=\"async\" loading=\"lazy\" src=\"http:\/\/w4manufaktur.at\/wp-content\/uploads\/2024\/05\/Schweissen.png\" alt=\"\" class=\"wp-image-79\" width=\"1078\" height=\"862\" srcset=\"https:\/\/w4manufaktur.at\/wp-content\/uploads\/2024\/05\/Schweissen.png 600w, https:\/\/w4manufaktur.at\/wp-content\/uploads\/2024\/05\/Schweissen-300x240.png 300w\" sizes=\"(max-width: 1078px) 100vw, 1078px\" \/><\/figure>\n<\/div>\n<\/div>\n<\/div>\n\n\n\n<div class=\"is-layout-constrained wp-container-8 wp-block-group alignfull\" id=\"services\" style=\"padding-top:144px;padding-bottom:0px\">\n<h2>Projekte<\/h2>\n<\/div>\n\n\n\n\t\t\t<div class=\"wp-block-uagb-post-carousel uagb-post-grid  uagb-post__image-position-top uagb-post__image-enabled uagb-block-234586c8     uagb-post__arrow-outside uagb-post__items uagb-post__columns-3 is-carousel uagb-post__columns-tablet-2 uagb-post__columns-mobile-1\" data-total=\"1\" style=\"\">\n\n\t\t\t\t\t\t\t\t\t\t\t\t<article class=\"uagb-post__inner-wrap\">\t\t\t\t\t\t\t\t<div class='uagb-post__image'>\n\t\t\t\t\t\t\t\t\t<a href=\"https:\/\/w4manufaktur.at\/index.php\/2024\/05\/13\/iron-meets-wood\/\" target=\"_self\" rel=\"bookmark noopener noreferrer\"><img width=\"1024\" height=\"768\" src=\"https:\/\/w4manufaktur.at\/wp-content\/uploads\/2024\/05\/IMG-20240513-WA0036-1024x768.jpg\" class=\"attachment-large size-large\" alt=\"\" decoding=\"async\" loading=\"lazy\" srcset=\"https:\/\/w4manufaktur.at\/wp-content\/uploads\/2024\/05\/IMG-20240513-WA0036-1024x768.jpg 1024w, https:\/\/w4manufaktur.at\/wp-content\/uploads\/2024\/05\/IMG-20240513-WA0036-300x225.jpg 300w, https:\/\/w4manufaktur.at\/wp-content\/uploads\/2024\/05\/IMG-20240513-WA0036-768x576.jpg 768w, https:\/\/w4manufaktur.at\/wp-content\/uploads\/2024\/05\/IMG-20240513-WA0036-1536x1152.jpg 1536w, https:\/\/w4manufaktur.at\/wp-content\/uploads\/2024\/05\/IMG-20240513-WA0036.jpg 1600w\" sizes=\"(max-width: 1024px) 100vw, 1024px\" \/>\t\t\t\t\t<\/a>\n\t\t\t\t\t\t\t\t\t<\/div>\n\t\t\t\t\t\t<h4 class=\"uagb-post__title uagb-post__text\">\n\t\t\t\t<a href=\"https:\/\/w4manufaktur.at\/index.php\/2024\/05\/13\/iron-meets-wood\/\" target=\"_self\" rel=\"bookmark noopener noreferrer\">iron meets wood<\/a>\n\t\t\t<\/h4>\n\t\t\t\t\t\t<div class='uagb-post__text uagb-post-grid-byline'>\n\t\t\t\t\t\t\t\t<time datetime=\"2024-05-13T22:12:41+02:00\" class=\"uagb-post__date\">\n\t\t\t\t<span class=\"dashicons-calendar dashicons\"><\/span>\t\t\t\t\t13. Mai 2024\t\t\t\t<\/time>\n\t\t\t\t\t\t\t<span class=\"uagb-post__comment\">\n\t\t\t\t<span class=\"dashicons-admin-comments dashicons\"><\/span>\t\t\t\t\tKeine Kommentare\t\t\t\t<\/span>\n\t\t\t\t\t\t<\/div>\n\t\t\t\t\t\t\t<div class='uagb-post__text uagb-post__excerpt'>\n\t\t\t\t\tDas Projekt &#8222;Iron Meets Wood &#8211; Better Together&#8220; pr\u00e4sentiert eine beeindruckende Essecke, die industriellen Stil&#8230;\t\t\t\t<\/div>\n\t\t\t\t\t\t<div class=\"uagb-post__text uagb-post__cta wp-block-button\">\n\t\t\t\t<a class=\"wp-block-button__link uagb-text-link\" href=\"https:\/\/w4manufaktur.at\/index.php\/2024\/05\/13\/iron-meets-wood\/\" target=\"_self\" rel=\"bookmark noopener noreferrer\">Weiterlesen<\/a>\n\t\t\t<\/div>\n\t\t\t\t\t\t\t\t\t\t\t\t<\/article>\n\t\t\t\t\t\t\t\t\t\t\t\t\t\t\t\t<article class=\"uagb-post__inner-wrap\">\t\t\t\t\t\t\t\t<div class='uagb-post__image'>\n\t\t\t\t\t\t\t\t\t<a href=\"https:\/\/w4manufaktur.at\/index.php\/2024\/05\/13\/individual-welding-wagon\/\" target=\"_self\" rel=\"bookmark noopener noreferrer\"><img width=\"1024\" height=\"768\" src=\"https:\/\/w4manufaktur.at\/wp-content\/uploads\/2024\/05\/IMG-20240513-WA0043-1024x768.jpg\" class=\"attachment-large size-large\" alt=\"\" decoding=\"async\" loading=\"lazy\" srcset=\"https:\/\/w4manufaktur.at\/wp-content\/uploads\/2024\/05\/IMG-20240513-WA0043-1024x768.jpg 1024w, https:\/\/w4manufaktur.at\/wp-content\/uploads\/2024\/05\/IMG-20240513-WA0043-300x225.jpg 300w, https:\/\/w4manufaktur.at\/wp-content\/uploads\/2024\/05\/IMG-20240513-WA0043-768x576.jpg 768w, https:\/\/w4manufaktur.at\/wp-content\/uploads\/2024\/05\/IMG-20240513-WA0043-1536x1152.jpg 1536w, https:\/\/w4manufaktur.at\/wp-content\/uploads\/2024\/05\/IMG-20240513-WA0043.jpg 1600w\" sizes=\"(max-width: 1024px) 100vw, 1024px\" \/>\t\t\t\t\t<\/a>\n\t\t\t\t\t\t\t\t\t<\/div>\n\t\t\t\t\t\t<h4 class=\"uagb-post__title uagb-post__text\">\n\t\t\t\t<a href=\"https:\/\/w4manufaktur.at\/index.php\/2024\/05\/13\/individual-welding-wagon\/\" target=\"_self\" rel=\"bookmark noopener noreferrer\">individual welding wagon<\/a>\n\t\t\t<\/h4>\n\t\t\t\t\t\t<div class='uagb-post__text uagb-post-grid-byline'>\n\t\t\t\t\t\t\t\t<time datetime=\"2024-05-13T22:11:39+02:00\" class=\"uagb-post__date\">\n\t\t\t\t<span class=\"dashicons-calendar dashicons\"><\/span>\t\t\t\t\t13. Mai 2024\t\t\t\t<\/time>\n\t\t\t\t\t\t\t<span class=\"uagb-post__comment\">\n\t\t\t\t<span class=\"dashicons-admin-comments dashicons\"><\/span>\t\t\t\t\tKeine Kommentare\t\t\t\t<\/span>\n\t\t\t\t\t\t<\/div>\n\t\t\t\t\t\t\t<div class='uagb-post__text uagb-post__excerpt'>\n\t\t\t\t\tDas Projekt &#8222;Individual Welding Wagon &#8211; Designed and Built from Scratch&#8220; stellt einen selbst konstruierten&#8230;\t\t\t\t<\/div>\n\t\t\t\t\t\t<div class=\"uagb-post__text uagb-post__cta wp-block-button\">\n\t\t\t\t<a class=\"wp-block-button__link uagb-text-link\" href=\"https:\/\/w4manufaktur.at\/index.php\/2024\/05\/13\/individual-welding-wagon\/\" target=\"_self\" rel=\"bookmark noopener noreferrer\">Weiterlesen<\/a>\n\t\t\t<\/div>\n\t\t\t\t\t\t\t\t\t\t\t\t<\/article>\n\t\t\t\t\t\t\t\t\t\t\t\t\t\t\t\t<article class=\"uagb-post__inner-wrap\">\t\t\t\t\t\t\t\t<div class='uagb-post__image'>\n\t\t\t\t\t\t\t\t\t<a href=\"https:\/\/w4manufaktur.at\/index.php\/2024\/05\/13\/plain-but-unique\/\" target=\"_self\" rel=\"bookmark noopener noreferrer\"><img width=\"1024\" height=\"768\" src=\"https:\/\/w4manufaktur.at\/wp-content\/uploads\/2024\/05\/IMG-20240513-WA0040-1024x768.jpg\" class=\"attachment-large size-large\" alt=\"\" decoding=\"async\" loading=\"lazy\" srcset=\"https:\/\/w4manufaktur.at\/wp-content\/uploads\/2024\/05\/IMG-20240513-WA0040-1024x768.jpg 1024w, https:\/\/w4manufaktur.at\/wp-content\/uploads\/2024\/05\/IMG-20240513-WA0040-300x225.jpg 300w, https:\/\/w4manufaktur.at\/wp-content\/uploads\/2024\/05\/IMG-20240513-WA0040-768x576.jpg 768w, https:\/\/w4manufaktur.at\/wp-content\/uploads\/2024\/05\/IMG-20240513-WA0040-1536x1152.jpg 1536w, https:\/\/w4manufaktur.at\/wp-content\/uploads\/2024\/05\/IMG-20240513-WA0040.jpg 1600w\" sizes=\"(max-width: 1024px) 100vw, 1024px\" \/>\t\t\t\t\t<\/a>\n\t\t\t\t\t\t\t\t\t<\/div>\n\t\t\t\t\t\t<h4 class=\"uagb-post__title uagb-post__text\">\n\t\t\t\t<a href=\"https:\/\/w4manufaktur.at\/index.php\/2024\/05\/13\/plain-but-unique\/\" target=\"_self\" rel=\"bookmark noopener noreferrer\">plain but unique<\/a>\n\t\t\t<\/h4>\n\t\t\t\t\t\t<div class='uagb-post__text uagb-post-grid-byline'>\n\t\t\t\t\t\t\t\t<time datetime=\"2024-05-13T22:05:34+02:00\" class=\"uagb-post__date\">\n\t\t\t\t<span class=\"dashicons-calendar dashicons\"><\/span>\t\t\t\t\t13. Mai 2024\t\t\t\t<\/time>\n\t\t\t\t\t\t\t<span class=\"uagb-post__comment\">\n\t\t\t\t<span class=\"dashicons-admin-comments dashicons\"><\/span>\t\t\t\t\tKeine Kommentare\t\t\t\t<\/span>\n\t\t\t\t\t\t<\/div>\n\t\t\t\t\t\t\t<div class='uagb-post__text uagb-post__excerpt'>\n\t\t\t\t\tDas Projekt &#8222;Plain but Unique&#8220; stellt ein au\u00dfergew\u00f6hnliches Doppelbett vor, das durch schlichte Eleganz und&#8230;\t\t\t\t<\/div>\n\t\t\t\t\t\t<div class=\"uagb-post__text uagb-post__cta wp-block-button\">\n\t\t\t\t<a class=\"wp-block-button__link uagb-text-link\" href=\"https:\/\/w4manufaktur.at\/index.php\/2024\/05\/13\/plain-but-unique\/\" target=\"_self\" rel=\"bookmark noopener noreferrer\">Weiterlesen<\/a>\n\t\t\t<\/div>\n\t\t\t\t\t\t\t\t\t\t\t\t<\/article>\n\t\t\t\t\t\t\t\t\t\t\t<\/div>\n\t\t\t\n\n\n<div class=\"is-layout-constrained wp-container-9 wp-block-group alignfull has-ast-global-color-1-background-color has-background\" id=\"reviews\">\n<p class=\"has-text-align-center has-ast-global-color-5-color has-text-color\" style=\"font-size:22px;line-height:1.6\">Man muss sein Leben aus dem Holz schnitzen, das man zu Verf\u00fcgung hat.<br>M\u00f6bel auch.<\/p>\n\n\n\n<p class=\"has-text-align-center has-ast-global-color-5-color has-text-color\"><strong>Weisheit aus dem Waldviertel<\/strong><\/p>\n<\/div>\n","protected":false},"excerpt":{"rendered":"<p>Aus Liebe zum Handwerk. Das Konstruieren von Unikaten ist eine unglaublich bereichernde Erfahrung, die es erm\u00f6glicht, Kreativit\u00e4t und handwerkliches K\u00f6nnen [&hellip;]<\/p>\n","protected":false},"author":1,"featured_media":0,"parent":0,"menu_order":0,"comment_status":"closed","ping_status":"closed","template":"","meta":{"_uag_custom_page_level_css":"","site-sidebar-layout":"no-sidebar","site-content-layout":"plain-container","ast-site-content-layout":"","site-content-style":"unboxed","site-sidebar-style":"default","ast-global-header-display":"","ast-banner-title-visibility":"","ast-main-header-display":"","ast-hfb-above-header-display":"","ast-hfb-below-header-display":"","ast-hfb-mobile-header-display":"","site-post-title":"disabled","ast-breadcrumbs-content":"","ast-featured-img":"","footer-sml-layout":"disabled","theme-transparent-header-meta":"enabled","adv-header-id-meta":"","stick-header-meta":"","header-above-stick-meta":"","header-main-stick-meta":"","header-below-stick-meta":"","astra-migrate-meta-layouts":"default","ast-page-background-enabled":"default","ast-page-background-meta":{"desktop":{"background-color":"var(--ast-global-color-4)","background-image":"","background-repeat":"repeat","background-position":"center center","background-size":"auto","background-attachment":"scroll","background-type":"","background-media":"","overlay-type":"","overlay-color":"","overlay-gradient":""},"tablet":{"background-color":"","background-image":"","background-repeat":"repeat","background-position":"center center","background-size":"auto","background-attachment":"scroll","background-type":"","background-media":"","overlay-type":"","overlay-color":"","overlay-gradient":""},"mobile":{"background-color":"","background-image":"","background-repeat":"repeat","background-position":"center center","background-size":"auto","background-attachment":"scroll","background-type":"","background-media":"","overlay-type":"","overlay-color":"","overlay-gradient":""}},"ast-content-background-meta":{"desktop":{"background-color":"var(--ast-global-color-5)","background-image":"","background-repeat":"repeat","background-position":"center center","background-size":"auto","background-attachment":"scroll","background-type":"","background-media":"","overlay-type":"","overlay-color":"","overlay-gradient":""},"tablet":{"background-color":"var(--ast-global-color-5)","background-image":"","background-repeat":"repeat","background-position":"center center","background-size":"auto","background-attachment":"scroll","background-type":"","background-media":"","overlay-type":"","overlay-color":"","overlay-gradient":""},"mobile":{"background-color":"var(--ast-global-color-5)","background-image":"","background-repeat":"repeat","background-position":"center center","background-size":"auto","background-attachment":"scroll","background-type":"","background-media":"","overlay-type":"","overlay-color":"","overlay-gradient":""}}},"uagb_featured_image_src":{"full":false,"thumbnail":false,"medium":false,"medium_large":false,"large":false,"1536x1536":false,"2048x2048":false},"uagb_author_info":{"display_name":"w4admin","author_link":"https:\/\/w4manufaktur.at\/index.php\/author\/w4admin\/"},"uagb_comment_info":0,"uagb_excerpt":"Aus Liebe zum Handwerk. Das Konstruieren von Unikaten ist eine unglaublich bereichernde Erfahrung, die es erm\u00f6glicht, Kreativit\u00e4t und handwerkliches K\u00f6nnen [&hellip;]","_links":{"self":[{"href":"https:\/\/w4manufaktur.at\/index.php\/wp-json\/wp\/v2\/pages\/15"}],"collection":[{"href":"https:\/\/w4manufaktur.at\/index.php\/wp-json\/wp\/v2\/pages"}],"about":[{"href":"https:\/\/w4manufaktur.at\/index.php\/wp-json\/wp\/v2\/types\/page"}],"author":[{"embeddable":true,"href":"https:\/\/w4manufaktur.at\/index.php\/wp-json\/wp\/v2\/users\/1"}],"replies":[{"embeddable":true,"href":"https:\/\/w4manufaktur.at\/index.php\/wp-json\/wp\/v2\/comments?post=15"}],"version-history":[{"count":8,"href":"https:\/\/w4manufaktur.at\/index.php\/wp-json\/wp\/v2\/pages\/15\/revisions"}],"predecessor-version":[{"id":81,"href":"https:\/\/w4manufaktur.at\/index.php\/wp-json\/wp\/v2\/pages\/15\/revisions\/81"}],"wp:attachment":[{"href":"https:\/\/w4manufaktur.at\/index.php\/wp-json\/wp\/v2\/media?parent=15"}],"curies":[{"name":"wp","href":"https:\/\/api.w.org\/{rel}","templated":true}]}}